{"id":9,"date":"2026-01-05T17:18:50","date_gmt":"2026-01-05T17:18:50","guid":{"rendered":"https:\/\/thomwagnum.fr\/?page_id=9"},"modified":"2026-02-06T16:54:37","modified_gmt":"2026-02-06T16:54:37","slug":"homepage","status":"publish","type":"page","link":"https:\/\/thomwagnum.fr\/","title":{"rendered":"Homepage"},"content":{"rendered":"\n<p><\/p>\n\n\n\n<div class=\"wp-block-group has-global-padding is-layout-constrained wp-block-group-is-layout-constrained\">\n<div style=\"height:57px\" aria-hidden=\"true\" class=\"wp-block-spacer\"><\/div>\n\n\n\n<h2 class=\"wp-block-heading has-text-align-center has-medium-font-size\" style=\"letter-spacing:1px\">Je suis un heureux Photographe, install\u00e9 \u00e0 Mulhouse, Alsace<\/h2>\n\n\n\n<p class=\"has-text-align-center\">Cette r\u00e9gion, situ\u00e9e \u00e0 l&rsquo;extr\u00e8me Est de notre beau pays, regorge de tr\u00e9sors humains, architecturaux et paysagers.<\/p>\n\n\n\n<div class=\"wp-block-buttons is-horizontal is-content-justification-center is-layout-flex wp-container-core-buttons-is-layout-03627597 wp-block-buttons-is-layout-flex\">\n<div class=\"wp-block-button is-style-outline is-style-outline--1\"><a class=\"wp-block-button__link has-small-font-size has-custom-font-size wp-element-button\" href=\"https:\/\/thomwagnum.fr\/index.php\/about\/\" style=\"border-radius:0px\">Qui suis-je ?<\/a><\/div>\n<\/div>\n<\/div>\n\n\n\n<div id=\"services\" class=\"wp-block-group alignfull pattern_multiple_covers has-background has-global-padding is-layout-constrained wp-block-group-is-layout-constrained\">\n<p class=\"has-text-align-left has-text-color has-medium-font-size\" style=\"color:#0b7bb5;letter-spacing:1px\">Travaillons ensemble sur vos projets !<\/p>\n\n\n\n<h2 class=\"wp-block-heading has-text-align-left\">Mes propositions<\/h2>\n\n\n\n<p class=\"has-text-align-left\">Exp\u00e9riment\u00e9, je mets mon expertise \u00e0 votre service pour vous permettre d&rsquo;atteindre vos objectifs. <\/p>\n\n\n\n<p class=\"has-text-align-left\">L&rsquo;image est une arme qui touche avant les mots.<\/p>\n\n\n\n<div style=\"height:46px\" aria-hidden=\"true\" class=\"wp-block-spacer\"><\/div>\n\n\n\n<div class=\"wp-block-columns is-layout-flex wp-container-core-columns-is-layout-28f84493 wp-block-columns-is-layout-flex\">\n<div class=\"wp-block-column is-layout-flow wp-block-column-is-layout-flow\" style=\"padding-top:0;padding-right:0;padding-bottom:0;padding-left:0\">\n<div class=\"wp-block-cover has-custom-content-position is-position-bottom-left\" style=\"padding-top:var(--wp--preset--spacing--small);padding-right:var(--wp--preset--spacing--x-small);padding-bottom:var(--wp--preset--spacing--small);padding-left:var(--wp--preset--spacing--x-small)\"><img decoding=\"async\" class=\"wp-block-cover__image-background wp-image-7392\" alt=\"\" src=\"https:\/\/thomwagnum.fr\/wp-content\/themes\/inspiro\/assets\/images\/StockSnap_356BERTH29.jpg\" style=\"object-position:41% 46%\" data-object-fit=\"cover\" data-object-position=\"41% 46%\"\/><span aria-hidden=\"true\" class=\"wp-block-cover__background has-primary-background-color has-background-dim-0 has-background-dim\"><\/span><div class=\"wp-block-cover__inner-container is-layout-flow wp-block-cover-is-layout-flow\">\n<h3 class=\"wp-block-heading has-white-color has-text-color has-medium-font-size\" style=\"margin-top:0;margin-right:0;margin-bottom:0;margin-left:0\">Reportages<\/h3>\n\n\n\n<p class=\"has-secondary-color has-text-color has-link-color wp-elements-9691f0a90a38e8845f8d3e9ccf3c770b\" style=\"margin-top:0;margin-right:0;margin-bottom:0;margin-left:0\"><a href=\"#\">Explore more \u2192<\/a><\/p>\n<\/div><\/div>\n\n\n\n<div class=\"wp-block-cover has-custom-content-position is-position-bottom-left\" style=\"padding-top:var(--wp--preset--spacing--small);padding-right:var(--wp--preset--spacing--x-small);padding-bottom:var(--wp--preset--spacing--small);padding-left:var(--wp--preset--spacing--x-small)\"><img loading=\"lazy\" decoding=\"async\" width=\"1024\" height=\"683\" class=\"wp-block-cover__image-background wp-image-154 size-large\" alt=\"\" src=\"http:\/\/thomwagnum.fr\/wp-content\/uploads\/2026\/01\/Photo-28-11-2025-21-08-17-1024x683.jpg\" style=\"object-position:32% 53%\" data-object-fit=\"cover\" data-object-position=\"32% 53%\" srcset=\"https:\/\/thomwagnum.fr\/wp-content\/uploads\/2026\/01\/Photo-28-11-2025-21-08-17-1024x683.jpg 1024w, https:\/\/thomwagnum.fr\/wp-content\/uploads\/2026\/01\/Photo-28-11-2025-21-08-17-300x200.jpg 300w, https:\/\/thomwagnum.fr\/wp-content\/uploads\/2026\/01\/Photo-28-11-2025-21-08-17-2000x1333.jpg 2000w\" sizes=\"auto, (max-width: 1024px) 100vw, 1024px\" \/><span aria-hidden=\"true\" class=\"wp-block-cover__background has-primary-background-color has-background-dim-0 has-background-dim\"><\/span><div class=\"wp-block-cover__inner-container is-layout-flow wp-block-cover-is-layout-flow\">\n<h3 class=\"wp-block-heading has-white-color has-text-color has-medium-font-size\" style=\"margin-top:0;margin-right:0;margin-bottom:0;margin-left:0\">Photocall &#8211; Impression directe<\/h3>\n\n\n\n<p class=\"has-secondary-color has-text-color has-link-color wp-elements-9691f0a90a38e8845f8d3e9ccf3c770b\" style=\"margin-top:0;margin-right:0;margin-bottom:0;margin-left:0\"><a href=\"#\">Explore more \u2192<\/a><\/p>\n<\/div><\/div>\n<\/div>\n\n\n\n<div class=\"wp-block-column is-layout-flow wp-block-column-is-layout-flow\" style=\"padding-top:0;padding-right:0;padding-bottom:0;padding-left:0\">\n<div class=\"wp-block-cover has-custom-content-position is-position-bottom-left\" style=\"padding-top:var(--wp--preset--spacing--small);padding-right:var(--wp--preset--spacing--x-small);padding-bottom:var(--wp--preset--spacing--small);padding-left:var(--wp--preset--spacing--x-small)\"><img decoding=\"async\" class=\"wp-block-cover__image-background wp-image-7394\" alt=\"\" src=\"https:\/\/thomwagnum.fr\/wp-content\/themes\/inspiro\/assets\/images\/StockSnap_KV0WLH355C.jpg\" data-object-fit=\"cover\"\/><span aria-hidden=\"true\" class=\"wp-block-cover__background has-primary-background-color has-background-dim-0 has-background-dim\"><\/span><div class=\"wp-block-cover__inner-container is-layout-flow wp-block-cover-is-layout-flow\">\n<h3 class=\"wp-block-heading has-white-color has-text-color has-medium-font-size\" style=\"margin-top:0;margin-right:0;margin-bottom:0;margin-left:0\">Portraits Studio\/OutDor<\/h3>\n\n\n\n<p class=\"has-secondary-color has-text-color has-link-color wp-elements-9691f0a90a38e8845f8d3e9ccf3c770b\" style=\"margin-top:0;margin-right:0;margin-bottom:0;margin-left:0\"><a href=\"#\">Explore more \u2192<\/a><\/p>\n<\/div><\/div>\n\n\n\n<div class=\"wp-block-cover has-custom-content-position is-position-bottom-left\" style=\"padding-top:var(--wp--preset--spacing--small);padding-right:var(--wp--preset--spacing--x-small);padding-bottom:var(--wp--preset--spacing--small);padding-left:var(--wp--preset--spacing--x-small)\"><img decoding=\"async\" class=\"wp-block-cover__image-background wp-image-7394\" alt=\"\" src=\"https:\/\/thomwagnum.fr\/wp-content\/themes\/inspiro\/assets\/images\/StockSnap_KV0WLH355C.jpg\" data-object-fit=\"cover\"\/><span aria-hidden=\"true\" class=\"wp-block-cover__background has-primary-background-color has-background-dim-0 has-background-dim\"><\/span><div class=\"wp-block-cover__inner-container is-layout-flow wp-block-cover-is-layout-flow\">\n<h3 class=\"wp-block-heading has-white-color has-text-color has-medium-font-size\" style=\"margin-top:0;margin-right:0;margin-bottom:0;margin-left:0\">\u00c9v\u00e9nementiel<\/h3>\n\n\n\n<p class=\"has-secondary-color has-text-color has-link-color wp-elements-9691f0a90a38e8845f8d3e9ccf3c770b\" style=\"margin-top:0;margin-right:0;margin-bottom:0;margin-left:0\"><a href=\"#\">Explore more \u2192<\/a><\/p>\n<\/div><\/div>\n<\/div>\n\n\n\n<div class=\"wp-block-column is-layout-flow wp-block-column-is-layout-flow\" style=\"padding-top:0;padding-right:0;padding-bottom:0;padding-left:0\">\n<div class=\"wp-block-cover is-light has-custom-content-position is-position-bottom-left\" style=\"padding-top:var(--wp--preset--spacing--small);padding-right:var(--wp--preset--spacing--x-small);padding-bottom:var(--wp--preset--spacing--small);padding-left:var(--wp--preset--spacing--x-small)\"><img decoding=\"async\" class=\"wp-block-cover__image-background wp-image-7497\" alt=\"\" src=\"https:\/\/thomwagnum.fr\/wp-content\/themes\/inspiro\/assets\/images\/StockSnap_M6D1GS9PSL.jpg\" style=\"object-position:29% 29%\" data-object-fit=\"cover\" data-object-position=\"29% 29%\"\/><span aria-hidden=\"true\" class=\"wp-block-cover__background has-background-dim-0 has-background-dim\"><\/span><div class=\"wp-block-cover__inner-container is-layout-flow wp-block-cover-is-layout-flow\">\n<h3 class=\"wp-block-heading has-white-color has-text-color has-medium-font-size\" style=\"margin-top:0;margin-right:0;margin-bottom:0;margin-left:0\">Photos Scolaires<\/h3>\n\n\n\n<p class=\"has-secondary-color has-text-color has-link-color wp-elements-9691f0a90a38e8845f8d3e9ccf3c770b\" style=\"margin-top:0;margin-right:0;margin-bottom:0;margin-left:0\"><a href=\"#\">Explore more \u2192<\/a><\/p>\n<\/div><\/div>\n\n\n\n<div class=\"wp-block-cover is-light is-repeated has-custom-content-position is-position-bottom-left\" style=\"padding-top:var(--wp--preset--spacing--small);padding-right:var(--wp--preset--spacing--x-small);padding-bottom:var(--wp--preset--spacing--small);padding-left:var(--wp--preset--spacing--x-small)\"><div class=\"wp-block-cover__image-background wp-image-151 size-large is-repeated\" style=\"background-position:47% 43%;background-image:url(https:\/\/thomwagnum.fr\/wp-content\/uploads\/2026\/01\/HOM8334-1024x768.jpg)\"><\/div><span aria-hidden=\"true\" class=\"wp-block-cover__background has-primary-background-color has-background-dim-0 has-background-dim\"><\/span><div class=\"wp-block-cover__inner-container is-layout-flow wp-block-cover-is-layout-flow\">\n<h3 class=\"wp-block-heading has-white-color has-text-color has-medium-font-size\" style=\"margin-top:0;margin-right:0;margin-bottom:0;margin-left:0\">Iris<\/h3>\n\n\n\n<p class=\"has-secondary-color has-text-color has-link-color wp-elements-41be37f97aecf580885053f14bea2023\" style=\"margin-top:0;margin-right:0;margin-bottom:0;margin-left:0\"><a href=\"https:\/\/thomwagnum.fr\/index.php\/homepage\/iris\/\" data-type=\"link\" data-id=\"https:\/\/thomwagnum.fr\/Iris\">Explore more \u2192<\/a><a href=\"https:\/\/thomwagnum.fr\/creation-en-cours\/\" data-type=\"page\" data-id=\"163\">Iris<\/a><\/p>\n<\/div><\/div>\n<\/div>\n<\/div>\n\n\n\n<div style=\"height:0px\" aria-hidden=\"true\" class=\"wp-block-spacer\"><\/div>\n<\/div>\n\n\n\n<div class=\"wp-block-group alignfull is-nowrap is-layout-flex wp-container-core-group-is-layout-6c531013 wp-block-group-is-layout-flex\"><\/div>\n\n\n\n<div class=\"wp-block-group alignfull portfolio-dark has-black-background-color has-background has-global-padding is-layout-constrained wp-block-group-is-layout-constrained\" id=\"portfolio\" style=\"margin-top:0px\">\n<div style=\"height:122px\" aria-hidden=\"true\" class=\"wp-block-spacer\"><\/div>\n\n\n\n<p class=\"has-text-align-left has-text-color\" style=\"color:#0bb4aa;letter-spacing:1px\">FROM THE PORTFOLIO<\/p>\n\n\n\n<h2 class=\"wp-block-heading has-text-align-left has-white-color has-text-color has-large-font-size\">Our Work<\/h2>\n\n\n\n<div style=\"height:44px\" aria-hidden=\"true\" class=\"wp-block-spacer\"><\/div>\n\n\n\n\n\n<div style=\"height:50px\" aria-hidden=\"true\" class=\"wp-block-spacer\"><\/div>\n<\/div>\n\n\n\n<div id=\"partners\" class=\"wp-block-group has-global-padding is-content-justification-center is-layout-constrained wp-container-core-group-is-layout-dc06fb1d wp-block-group-is-layout-constrained\">\n<div style=\"height:80px\" aria-hidden=\"true\" class=\"wp-block-spacer\"><\/div>\n\n\n\n<div class=\"wp-block-group has-global-padding is-content-justification-left is-layout-constrained wp-container-core-group-is-layout-5d29898d wp-block-group-is-layout-constrained\" style=\"padding-top:0px;padding-right:0;padding-bottom:var(--wp--preset--spacing--small);padding-left:0\">\n<div class=\"wp-block-columns is-layout-flex wp-container-core-columns-is-layout-28f84493 wp-block-columns-is-layout-flex\">\n<div class=\"wp-block-column is-layout-flow wp-block-column-is-layout-flow\" style=\"flex-basis:60%\">\n<h2 class=\"wp-block-heading has-text-align-left\">Ils m&rsquo;ont fait confiance :<\/h2>\n\n\n\n<p><\/p>\n<\/div>\n\n\n\n<div class=\"wp-block-column is-layout-flow wp-block-column-is-layout-flow\" style=\"flex-basis:40%\"><\/div>\n<\/div>\n<\/div>\n\n\n\n<div class=\"wp-block-group has-global-padding is-layout-constrained wp-block-group-is-layout-constrained\">\n<div class=\"wp-block-columns are-vertically-aligned-center is-layout-flex wp-container-core-columns-is-layout-28f84493 wp-block-columns-is-layout-flex\">\n<div class=\"wp-block-column is-vertically-aligned-center is-layout-flow wp-block-column-is-layout-flow\" style=\"flex-basis:20%\">\n<figure class=\"wp-block-image size-large\"><a href=\"https:\/\/www.lalsace.fr\/\"><img loading=\"lazy\" decoding=\"async\" width=\"470\" height=\"124\" src=\"http:\/\/thomwagnum.fr\/wp-content\/uploads\/2026\/01\/Capture-decran-2026-01-06-a-16.52.39.svg\" alt=\"\" class=\"wp-image-108\"\/><\/a><\/figure>\n<\/div>\n\n\n\n<div class=\"wp-block-column is-vertically-aligned-center is-layout-flow wp-block-column-is-layout-flow\" style=\"flex-basis:20%\">\n<figure class=\"wp-block-image size-full\"><img loading=\"lazy\" decoding=\"async\" width=\"498\" height=\"150\" src=\"https:\/\/thomwagnum.fr\/wp-content\/uploads\/2026\/02\/Capture-decran-2026-02-06-a-17.52.19.png\" alt=\"\" class=\"wp-image-196\" srcset=\"https:\/\/thomwagnum.fr\/wp-content\/uploads\/2026\/02\/Capture-decran-2026-02-06-a-17.52.19.png 498w, https:\/\/thomwagnum.fr\/wp-content\/uploads\/2026\/02\/Capture-decran-2026-02-06-a-17.52.19-300x90.png 300w\" sizes=\"auto, (max-width: 498px) 100vw, 498px\" \/><\/figure>\n\n\n\n<figure class=\"wp-block-image size-full\"><a href=\"https:\/\/www.musee-electropolis.fr\"><img loading=\"lazy\" decoding=\"async\" width=\"600\" height=\"192\" src=\"http:\/\/thomwagnum.fr\/wp-content\/uploads\/2026\/01\/Capture-decran-2026-01-07-a-09.01.19.png\" alt=\"\" class=\"wp-image-117\" srcset=\"https:\/\/thomwagnum.fr\/wp-content\/uploads\/2026\/01\/Capture-decran-2026-01-07-a-09.01.19.png 600w, https:\/\/thomwagnum.fr\/wp-content\/uploads\/2026\/01\/Capture-decran-2026-01-07-a-09.01.19-300x96.png 300w\" sizes=\"auto, (max-width: 600px) 100vw, 600px\" \/><\/a><\/figure>\n<\/div>\n\n\n\n<div class=\"wp-block-column is-vertically-aligned-center is-layout-flow wp-block-column-is-layout-flow\" style=\"flex-basis:20%\">\n<figure class=\"wp-block-image size-full is-resized\"><a href=\"https:\/\/www.sodico.fr\"><img loading=\"lazy\" decoding=\"async\" width=\"314\" height=\"180\" src=\"http:\/\/thomwagnum.fr\/wp-content\/uploads\/2026\/01\/Capture-decran-2026-01-07-a-08.58.44.png\" alt=\"\" class=\"wp-image-116\" style=\"aspect-ratio:1.7445947654570741;width:154px;height:auto\" srcset=\"https:\/\/thomwagnum.fr\/wp-content\/uploads\/2026\/01\/Capture-decran-2026-01-07-a-08.58.44.png 314w, https:\/\/thomwagnum.fr\/wp-content\/uploads\/2026\/01\/Capture-decran-2026-01-07-a-08.58.44-300x172.png 300w\" sizes=\"auto, (max-width: 314px) 100vw, 314px\" \/><\/a><\/figure>\n\n\n\n<figure class=\"wp-block-image size-full is-resized\"><a href=\"https:\/\/www.education.gouv.fr\"><img loading=\"lazy\" decoding=\"async\" width=\"424\" height=\"290\" src=\"http:\/\/thomwagnum.fr\/wp-content\/uploads\/2026\/01\/Capture-decran-2026-01-07-a-10.20.26.png\" alt=\"\" class=\"wp-image-139\" style=\"aspect-ratio:1.7445947654570741;width:154px;height:auto\" srcset=\"https:\/\/thomwagnum.fr\/wp-content\/uploads\/2026\/01\/Capture-decran-2026-01-07-a-10.20.26.png 424w, https:\/\/thomwagnum.fr\/wp-content\/uploads\/2026\/01\/Capture-decran-2026-01-07-a-10.20.26-300x205.png 300w\" sizes=\"auto, (max-width: 424px) 100vw, 424px\" \/><\/a><\/figure>\n<\/div>\n\n\n\n<div class=\"wp-block-column is-vertically-aligned-center is-layout-flow wp-block-column-is-layout-flow\" style=\"flex-basis:20%\">\n<figure class=\"wp-block-image size-full\"><a href=\"https:\/\/www.mulhouse.fr\"><img loading=\"lazy\" decoding=\"async\" width=\"438\" height=\"180\" src=\"http:\/\/thomwagnum.fr\/wp-content\/uploads\/2026\/01\/Capture-decran-2026-01-07-a-08.55.58.png\" alt=\"\" class=\"wp-image-115\" srcset=\"https:\/\/thomwagnum.fr\/wp-content\/uploads\/2026\/01\/Capture-decran-2026-01-07-a-08.55.58.png 438w, https:\/\/thomwagnum.fr\/wp-content\/uploads\/2026\/01\/Capture-decran-2026-01-07-a-08.55.58-300x123.png 300w\" sizes=\"auto, (max-width: 438px) 100vw, 438px\" \/><\/a><\/figure>\n\n\n\n<figure class=\"wp-block-image size-full\"><a href=\"https:\/\/www.m6.fr\"><img loading=\"lazy\" decoding=\"async\" width=\"388\" height=\"170\" src=\"https:\/\/thomwagnum.fr\/wp-content\/uploads\/2026\/01\/Capture-decran-2026-01-07-a-09.30.11.png\" alt=\"\" class=\"wp-image-131\" srcset=\"https:\/\/thomwagnum.fr\/wp-content\/uploads\/2026\/01\/Capture-decran-2026-01-07-a-09.30.11.png 388w, https:\/\/thomwagnum.fr\/wp-content\/uploads\/2026\/01\/Capture-decran-2026-01-07-a-09.30.11-300x131.png 300w\" sizes=\"auto, (max-width: 388px) 100vw, 388px\" \/><\/a><\/figure>\n<\/div>\n\n\n\n<div class=\"wp-block-column is-vertically-aligned-center is-layout-flow wp-block-column-is-layout-flow\" style=\"flex-basis:20%\">\n<figure class=\"wp-block-image size-full\"><a href=\"https:\/\/christophenicolasbiot.com\"><img loading=\"lazy\" decoding=\"async\" width=\"600\" height=\"154\" src=\"http:\/\/thomwagnum.fr\/wp-content\/uploads\/2026\/01\/Capture-decran-2026-01-07-a-09.03.22.png\" alt=\"\" class=\"wp-image-119\" srcset=\"https:\/\/thomwagnum.fr\/wp-content\/uploads\/2026\/01\/Capture-decran-2026-01-07-a-09.03.22.png 600w, https:\/\/thomwagnum.fr\/wp-content\/uploads\/2026\/01\/Capture-decran-2026-01-07-a-09.03.22-300x77.png 300w\" sizes=\"auto, (max-width: 600px) 100vw, 600px\" \/><\/a><\/figure>\n\n\n\n<figure class=\"wp-block-image size-full\"><a href=\"https:\/\/www.youtube.com\/@mulhousez-vous\"><img loading=\"lazy\" decoding=\"async\" width=\"730\" height=\"246\" src=\"http:\/\/thomwagnum.fr\/wp-content\/uploads\/2026\/01\/Capture-decran-2026-01-07-a-09.06.26.png\" alt=\"\" class=\"wp-image-122\" srcset=\"https:\/\/thomwagnum.fr\/wp-content\/uploads\/2026\/01\/Capture-decran-2026-01-07-a-09.06.26.png 730w, https:\/\/thomwagnum.fr\/wp-content\/uploads\/2026\/01\/Capture-decran-2026-01-07-a-09.06.26-300x101.png 300w\" sizes=\"auto, (max-width: 730px) 100vw, 730px\" \/><\/a><\/figure>\n\n\n\n<figure class=\"wp-block-image size-full\"><a href=\"https:\/\/www.campus-fonderie.uha.fr\/formations\/hautes-etudes-de-gestion\/\"><img loading=\"lazy\" decoding=\"async\" width=\"1096\" height=\"210\" src=\"http:\/\/thomwagnum.fr\/wp-content\/uploads\/2026\/01\/Capture-decran-2026-01-07-a-09.39.25.png\" alt=\"\" class=\"wp-image-134\" srcset=\"https:\/\/thomwagnum.fr\/wp-content\/uploads\/2026\/01\/Capture-decran-2026-01-07-a-09.39.25.png 1096w, https:\/\/thomwagnum.fr\/wp-content\/uploads\/2026\/01\/Capture-decran-2026-01-07-a-09.39.25-300x57.png 300w, https:\/\/thomwagnum.fr\/wp-content\/uploads\/2026\/01\/Capture-decran-2026-01-07-a-09.39.25-1024x196.png 1024w\" sizes=\"auto, (max-width: 1096px) 100vw, 1096px\" \/><\/a><\/figure>\n<\/div>\n<\/div>\n<\/div>\n<\/div>\n\n\n\n<p><\/p>\n","protected":false},"excerpt":{"rendered":"<p>Je suis un heureux Photographe, install\u00e9 \u00e0 Mulhouse, Alsace Cette r\u00e9gion, situ\u00e9e \u00e0 l&rsquo;extr\u00e8me Est de notre beau pays, regorge de tr\u00e9sors humains, architecturaux et paysagers. Travaillons ensemble sur vos projets ! Mes propositions Exp\u00e9riment\u00e9, je mets mon expertise \u00e0 votre service pour vous permettre d&rsquo;atteindre vos objectifs. L&rsquo;image est une arme qui touche avant &hellip; <\/p>\n<p class=\"link-more\"><a href=\"https:\/\/thomwagnum.fr\/\" class=\"more-link\">Lire la suite de<span class=\"screen-reader-text\">\u00ab\u00a0Homepage\u00a0\u00bb<\/span><\/a><\/p>\n","protected":false},"author":1,"featured_media":0,"parent":0,"menu_order":0,"comment_status":"closed","ping_status":"closed","template":"page-templates\/homepage-builder-bb.php","meta":{"footnotes":""},"class_list":["post-9","page","type-page","status-publish","hentry"],"jetpack_sharing_enabled":true,"_links":{"self":[{"href":"https:\/\/thomwagnum.fr\/index.php\/wp-json\/wp\/v2\/pages\/9","targetHints":{"allow":["GET"]}}],"collection":[{"href":"https:\/\/thomwagnum.fr\/index.php\/wp-json\/wp\/v2\/pages"}],"about":[{"href":"https:\/\/thomwagnum.fr\/index.php\/wp-json\/wp\/v2\/types\/page"}],"author":[{"embeddable":true,"href":"https:\/\/thomwagnum.fr\/index.php\/wp-json\/wp\/v2\/users\/1"}],"replies":[{"embeddable":true,"href":"https:\/\/thomwagnum.fr\/index.php\/wp-json\/wp\/v2\/comments?post=9"}],"version-history":[{"count":56,"href":"https:\/\/thomwagnum.fr\/index.php\/wp-json\/wp\/v2\/pages\/9\/revisions"}],"predecessor-version":[{"id":197,"href":"https:\/\/thomwagnum.fr\/index.php\/wp-json\/wp\/v2\/pages\/9\/revisions\/197"}],"wp:attachment":[{"href":"https:\/\/thomwagnum.fr\/index.php\/wp-json\/wp\/v2\/media?parent=9"}],"curies":[{"name":"wp","href":"https:\/\/api.w.org\/{rel}","templated":true}]}}